{"id":24400,"date":"2024-05-24T00:44:16","date_gmt":"2024-05-24T04:44:16","guid":{"rendered":"https:\/\/wp-staging.corporate.sobeys.com\/?page_id=24400"},"modified":"2025-06-05T08:20:54","modified_gmt":"2025-06-05T12:20:54","slug":"rapport-sur-les-entreprises-durables-2024","status":"publish","type":"page","link":"https:\/\/wp-staging.sobeyssbreport.com\/fr\/rapport-sur-les-entreprises-durables-2024\/","title":{"rendered":"Rapport sur les entreprises durables 2024"},"content":{"rendered":"","protected":false},"excerpt":{"rendered":"","protected":false},"author":83,"featured_media":0,"parent":0,"menu_order":0,"comment_status":"closed","ping_status":"closed","template":"sustainability-2024-templates\/sbr_home.php","meta":{"_acf_changed":false,"footnotes":""},"class_list":["post-24400","page","type-page","status-publish","hentry"],"acf":[],"yoast_head":"<!-- This site is optimized with the Yoast SEO plugin v27.1.1 - https:\/\/yoast.com\/product\/yoast-seo-wordpress\/ -->\n<title>Leader du commerce de d\u00e9tail durable | Soci\u00e9t\u00e9 Sobeys<\/title>\n<meta name=\"description\" content=\"D\u00e9couvrez l&#039;engagement de Sobeys envers le d\u00e9veloppement durable, le soutien communautaire et les pratiques \u00e9thiques. D\u00e9couvrez nos initiatives d\u00e8s aujourd&#039;hui.\" \/>\n<meta name=\"robots\" content=\"noindex, follow, max-snippet:-1, max-image-preview:large, max-video-preview:-1\" \/>\n<script type=\"application\/ld+json\" class=\"yoast-schema-graph\">{\"@context\":\"https:\/\/schema.org\",\"@graph\":[{\"@type\":\"WebPage\",\"@id\":\"https:\/\/wp-staging.sobeyssbreport.com\/sustainable-business-report-2024\/\",\"url\":\"https:\/\/wp-staging.sobeyssbreport.com\/sustainable-business-report-2024\/\",\"name\":\"Leader du commerce de d\u00e9tail durable | Soci\u00e9t\u00e9 Sobeys\",\"isPartOf\":{\"@id\":\"https:\/\/wp-staging.sobeyssbreport.com\/#website\"},\"datePublished\":\"2024-05-24T04:44:16+00:00\",\"dateModified\":\"2025-06-05T12:20:54+00:00\",\"description\":\"D\u00e9couvrez l'engagement de Sobeys envers le d\u00e9veloppement durable, le soutien communautaire et les pratiques \u00e9thiques. D\u00e9couvrez nos initiatives d\u00e8s aujourd'hui.\",\"breadcrumb\":{\"@id\":\"https:\/\/wp-staging.sobeyssbreport.com\/sustainable-business-report-2024\/#breadcrumb\"},\"inLanguage\":\"fr-FR\",\"potentialAction\":[{\"@type\":\"ReadAction\",\"target\":[\"https:\/\/wp-staging.sobeyssbreport.com\/sustainable-business-report-2024\/\"]}]},{\"@type\":\"BreadcrumbList\",\"@id\":\"https:\/\/wp-staging.sobeyssbreport.com\/sustainable-business-report-2024\/#breadcrumb\",\"itemListElement\":[{\"@type\":\"ListItem\",\"position\":1,\"name\":\"Home\",\"item\":\"https:\/\/wp-staging.sobeyssbreport.com\/fr\/\"},{\"@type\":\"ListItem\",\"position\":2,\"name\":\"Rapport sur les entreprises durables 2024\"}]},{\"@type\":\"WebSite\",\"@id\":\"https:\/\/wp-staging.sobeyssbreport.com\/#website\",\"url\":\"https:\/\/wp-staging.sobeyssbreport.com\/\",\"name\":\"Sobeys Corporate\",\"description\":\"Just another Evaluating WPEngine Sites site\",\"potentialAction\":[{\"@type\":\"SearchAction\",\"target\":{\"@type\":\"EntryPoint\",\"urlTemplate\":\"https:\/\/wp-staging.sobeyssbreport.com\/?s={search_term_string}\"},\"query-input\":{\"@type\":\"PropertyValueSpecification\",\"valueRequired\":true,\"valueName\":\"search_term_string\"}}],\"inLanguage\":\"fr-FR\"}]}<\/script>\n<!-- \/ Yoast SEO plugin. -->","yoast_head_json":{"title":"Leader du commerce de d\u00e9tail durable | Soci\u00e9t\u00e9 Sobeys","description":"D\u00e9couvrez l'engagement de Sobeys envers le d\u00e9veloppement durable, le soutien communautaire et les pratiques \u00e9thiques. D\u00e9couvrez nos initiatives d\u00e8s aujourd'hui.","robots":{"index":"noindex","follow":"follow","max-snippet":"max-snippet:-1","max-image-preview":"max-image-preview:large","max-video-preview":"max-video-preview:-1"},"schema":{"@context":"https:\/\/schema.org","@graph":[{"@type":"WebPage","@id":"https:\/\/wp-staging.sobeyssbreport.com\/sustainable-business-report-2024\/","url":"https:\/\/wp-staging.sobeyssbreport.com\/sustainable-business-report-2024\/","name":"Leader du commerce de d\u00e9tail durable | Soci\u00e9t\u00e9 Sobeys","isPartOf":{"@id":"https:\/\/wp-staging.sobeyssbreport.com\/#website"},"datePublished":"2024-05-24T04:44:16+00:00","dateModified":"2025-06-05T12:20:54+00:00","description":"D\u00e9couvrez l'engagement de Sobeys envers le d\u00e9veloppement durable, le soutien communautaire et les pratiques \u00e9thiques. D\u00e9couvrez nos initiatives d\u00e8s aujourd'hui.","breadcrumb":{"@id":"https:\/\/wp-staging.sobeyssbreport.com\/sustainable-business-report-2024\/#breadcrumb"},"inLanguage":"fr-FR","potentialAction":[{"@type":"ReadAction","target":["https:\/\/wp-staging.sobeyssbreport.com\/sustainable-business-report-2024\/"]}]},{"@type":"BreadcrumbList","@id":"https:\/\/wp-staging.sobeyssbreport.com\/sustainable-business-report-2024\/#breadcrumb","itemListElement":[{"@type":"ListItem","position":1,"name":"Home","item":"https:\/\/wp-staging.sobeyssbreport.com\/fr\/"},{"@type":"ListItem","position":2,"name":"Rapport sur les entreprises durables 2024"}]},{"@type":"WebSite","@id":"https:\/\/wp-staging.sobeyssbreport.com\/#website","url":"https:\/\/wp-staging.sobeyssbreport.com\/","name":"Sobeys Corporate","description":"Just another Evaluating WPEngine Sites site","potentialAction":[{"@type":"SearchAction","target":{"@type":"EntryPoint","urlTemplate":"https:\/\/wp-staging.sobeyssbreport.com\/?s={search_term_string}"},"query-input":{"@type":"PropertyValueSpecification","valueRequired":true,"valueName":"search_term_string"}}],"inLanguage":"fr-FR"}]}},"_links":{"self":[{"href":"https:\/\/wp-staging.sobeyssbreport.com\/fr\/wp-json\/wp\/v2\/pages\/24400","targetHints":{"allow":["GET"]}}],"collection":[{"href":"https:\/\/wp-staging.sobeyssbreport.com\/fr\/wp-json\/wp\/v2\/pages"}],"about":[{"href":"https:\/\/wp-staging.sobeyssbreport.com\/fr\/wp-json\/wp\/v2\/types\/page"}],"author":[{"embeddable":true,"href":"https:\/\/wp-staging.sobeyssbreport.com\/fr\/wp-json\/wp\/v2\/users\/83"}],"replies":[{"embeddable":true,"href":"https:\/\/wp-staging.sobeyssbreport.com\/fr\/wp-json\/wp\/v2\/comments?post=24400"}],"version-history":[{"count":0,"href":"https:\/\/wp-staging.sobeyssbreport.com\/fr\/wp-json\/wp\/v2\/pages\/24400\/revisions"}],"wp:attachment":[{"href":"https:\/\/wp-staging.sobeyssbreport.com\/fr\/wp-json\/wp\/v2\/media?parent=24400"}],"curies":[{"name":"wp","href":"https:\/\/api.w.org\/{rel}","templated":true}]}}